{"id":219,"date":"2019-12-04T12:50:57","date_gmt":"2019-12-04T12:50:57","guid":{"rendered":"https:\/\/forneriaaju.com.br\/?page_id=219"},"modified":"2019-12-04T13:40:45","modified_gmt":"2019-12-04T13:40:45","slug":"produtos","status":"publish","type":"page","link":"https:\/\/forneriaaju.com.br\/index.php\/produtos\/","title":{"rendered":"produtos"},"content":{"rendered":"<p>[et_pb_section fb_built=&#8221;1&#8243; _builder_version=&#8221;4.0.7&#8243; background_color=&#8221;rgba(239,133,11,0.3)&#8221; custom_padding=&#8221;39px||0px|||&#8221;][et_pb_row _builder_version=&#8221;4.0.7&#8243; custom_margin=&#8221;-23px|auto||auto||&#8221; custom_padding=&#8221;10px||15px|||&#8221;][et_pb_column type=&#8221;4_4&#8243; _builder_version=&#8221;4.0.7&#8243;][et_pb_blurb title=&#8221;Nossos Produtos&#8221; image=&#8221;https:\/\/forneriaaju.com.br\/wp-content\/uploads\/2019\/12\/produtos_icon_.png&#8221; image_max_width=&#8221;20%&#8221; _builder_version=&#8221;4.0.7&#8243; header_font=&#8221;Playfair Display|700|||||||&#8221; header_text_align=&#8221;center&#8221; header_text_color=&#8221;#70410e&#8221; header_font_size=&#8221;34px&#8221;][\/et_pb_blurb][\/et_pb_column][\/et_pb_row][\/et_pb_section][et_pb_section fb_built=&#8221;1&#8243; _builder_version=&#8221;3.22&#8243; custom_padding=&#8221;16px|||||&#8221;][et_pb_row _builder_version=&#8221;4.0.7&#8243; background_size=&#8221;initial&#8221; background_position=&#8221;top_left&#8221; background_repeat=&#8221;repeat&#8221; max_width=&#8221;1066px&#8221;][et_pb_column type=&#8221;4_4&#8243; _builder_version=&#8221;3.25&#8243; custom_padding=&#8221;|||&#8221; custom_padding__hover=&#8221;|||&#8221;][et_pb_text _builder_version=&#8221;4.0.7&#8243; text_font=&#8221;Playfair Display||||||||&#8221; text_font_size=&#8221;18px&#8221; text_line_height=&#8221;1.8em&#8221; text_orientation=&#8221;center&#8221; custom_margin=&#8221;-12px|||||&#8221; hover_enabled=&#8221;0&#8243;]<\/p>\n<p>Muito mais do que trigo, p\u00e3o e massa. Nossos produtos s\u00e3o desenvolvidos com o m\u00e1ximo de qualidade e dedica\u00e7\u00e3o, pensando sempre em proporcionar a voc\u00ea o melhor em qualidade, sabor e aroma. Proporcionando assim, uma experi\u00eancia inesquec\u00edvel.<\/p>\n<p>[\/et_pb_text][\/et_pb_column][\/et_pb_row][et_pb_row column_structure=&#8221;1_4,1_4,1_4,1_4&#8243; use_custom_gutter=&#8221;on&#8221; gutter_width=&#8221;1&#8243; make_equal=&#8221;on&#8221; _builder_version=&#8221;4.0.7&#8243; max_width=&#8221;1751px&#8221; custom_padding=&#8221;1px||3px|||&#8221;][et_pb_column type=&#8221;1_4&#8243; _builder_version=&#8221;4.0.7&#8243;][et_pb_image src=&#8221;https:\/\/forneriaaju.com.br\/wp-content\/uploads\/2019\/12\/forneria_sanduiches.jpg&#8221; _builder_version=&#8221;4.0.7&#8243;][\/et_pb_image][\/et_pb_column][et_pb_column type=&#8221;1_4&#8243; _builder_version=&#8221;4.0.7&#8243;][et_pb_image src=&#8221;https:\/\/forneriaaju.com.br\/wp-content\/uploads\/2019\/12\/forneria_cafe.jpg&#8221; _builder_version=&#8221;4.0.7&#8243;][\/et_pb_image][\/et_pb_column][et_pb_column type=&#8221;1_4&#8243; _builder_version=&#8221;4.0.7&#8243;][et_pb_image src=&#8221;https:\/\/forneriaaju.com.br\/wp-content\/uploads\/2019\/12\/forneria_quiches.jpg&#8221; _builder_version=&#8221;4.0.7&#8243;][\/et_pb_image][\/et_pb_column][et_pb_column type=&#8221;1_4&#8243; _builder_version=&#8221;4.0.7&#8243;][et_pb_image src=&#8221;https:\/\/forneriaaju.com.br\/wp-content\/uploads\/2019\/12\/forneria_pizzas.jpg&#8221; _builder_version=&#8221;4.0.7&#8243;][\/et_pb_image][\/et_pb_column][\/et_pb_row][et_pb_row column_structure=&#8221;1_4,1_4,1_4,1_4&#8243; use_custom_gutter=&#8221;on&#8221; gutter_width=&#8221;1&#8243; make_equal=&#8221;on&#8221; _builder_version=&#8221;4.0.7&#8243; max_width=&#8221;1751px&#8221; custom_margin=&#8221;-3px|auto||auto||&#8221; custom_padding=&#8221;2px||3px|||&#8221;][et_pb_column type=&#8221;1_4&#8243; _builder_version=&#8221;4.0.7&#8243;][et_pb_image src=&#8221;https:\/\/forneriaaju.com.br\/wp-content\/uploads\/2019\/12\/forneria_paes.jpg&#8221; _builder_version=&#8221;4.0.7&#8243;][\/et_pb_image][\/et_pb_column][et_pb_column type=&#8221;1_4&#8243; _builder_version=&#8221;4.0.7&#8243;][et_pb_image src=&#8221;https:\/\/forneriaaju.com.br\/wp-content\/uploads\/2019\/12\/forneria_tortas.jpg&#8221; _builder_version=&#8221;4.0.7&#8243;][\/et_pb_image][\/et_pb_column][et_pb_column type=&#8221;1_4&#8243; _builder_version=&#8221;4.0.7&#8243;][et_pb_image src=&#8221;https:\/\/forneriaaju.com.br\/wp-content\/uploads\/2019\/12\/forneria_empada.jpg&#8221; _builder_version=&#8221;4.0.7&#8243;][\/et_pb_image][\/et_pb_column][et_pb_column type=&#8221;1_4&#8243; _builder_version=&#8221;4.0.7&#8243;][et_pb_image src=&#8221;https:\/\/forneriaaju.com.br\/wp-content\/uploads\/2019\/12\/forneria_vinhos.jpg&#8221; _builder_version=&#8221;4.0.7&#8243;][\/et_pb_image][\/et_pb_column][\/et_pb_row][\/et_pb_section]<\/p>\n","protected":false},"excerpt":{"rendered":"<p>Muito mais do que trigo, p\u00e3o e massa. Nossos produtos s\u00e3o desenvolvidos com o m\u00e1ximo de qualidade e dedica\u00e7\u00e3o, pensando sempre em proporcionar a voc\u00ea o melhor em qualidade, sabor e aroma. Proporcionando assim, uma experi\u00eancia inesquec\u00edvel.<\/p>\n","protected":false},"author":1,"featured_media":0,"parent":0,"menu_order":0,"comment_status":"closed","ping_status":"closed","template":"","meta":{"_et_pb_use_builder":"on","_et_pb_old_content":"","_et_gb_content_width":"","om_disable_all_campaigns":false,"_mi_skip_tracking":false,"footnotes":""},"class_list":["post-219","page","type-page","status-publish","hentry"],"aioseo_notices":[],"jetpack_sharing_enabled":true,"_links":{"self":[{"href":"https:\/\/forneriaaju.com.br\/index.php\/wp-json\/wp\/v2\/pages\/219","targetHints":{"allow":["GET"]}}],"collection":[{"href":"https:\/\/forneriaaju.com.br\/index.php\/wp-json\/wp\/v2\/pages"}],"about":[{"href":"https:\/\/forneriaaju.com.br\/index.php\/wp-json\/wp\/v2\/types\/page"}],"author":[{"embeddable":true,"href":"https:\/\/forneriaaju.com.br\/index.php\/wp-json\/wp\/v2\/users\/1"}],"replies":[{"embeddable":true,"href":"https:\/\/forneriaaju.com.br\/index.php\/wp-json\/wp\/v2\/comments?post=219"}],"version-history":[{"count":5,"href":"https:\/\/forneriaaju.com.br\/index.php\/wp-json\/wp\/v2\/pages\/219\/revisions"}],"predecessor-version":[{"id":237,"href":"https:\/\/forneriaaju.com.br\/index.php\/wp-json\/wp\/v2\/pages\/219\/revisions\/237"}],"wp:attachment":[{"href":"https:\/\/forneriaaju.com.br\/index.php\/wp-json\/wp\/v2\/media?parent=219"}],"curies":[{"name":"wp","href":"https:\/\/api.w.org\/{rel}","templated":true}]}}